{"id":112,"date":"2007-05-11T19:16:06","date_gmt":"2007-05-11T17:16:06","guid":{"rendered":"http:\/\/www.berliner-baerenfreunde.de\/web\/?page_id=112"},"modified":"2010-04-20T16:08:14","modified_gmt":"2010-04-20T14:08:14","slug":"vereinszeitung","status":"publish","type":"page","link":"https:\/\/www.berliner-baerenfreunde.de\/web\/vereinszeitung\/","title":{"rendered":"Vereinszeitung"},"content":{"rendered":"<p>Der Verein Berliner B\u00e4renfreunde e.V. hat auch eine Vereinszeitung.<!--more--><img decoding=\"async\" src=\"https:\/\/www.berliner-baerenfreunde.de\/web\/images\/zeitung02.gif\" title=\"Logo Vereinszeitung\" alt=\"Logo Vereinszeitung\" align=\"left\" border=\"0\" \/><strong>Informationen rund um die<br \/>\nVereinszeitung &#8222;Der Berliner B\u00e4r&#8220;.<\/strong><\/p>\n<p>Der Verein der Berliner B\u00e4renfreunde wurde am<br \/>\n10. November 1994 gegr\u00fcndet. Seitdem haben wir viel erreicht, aber es gibt immer noch wei\u00dfe Flecken auf der \u201ebraunen Fellweste\u201c des Berliner B\u00e4ren.<\/p>\n<p>Die erste Ausgabe unserer Vereinszeitung \u201eDer Berliner B\u00e4r\u201c erschien im III. Quartal 2000. Seitdem erscheint sie viertelj\u00e4hrlich in schwarz\/wei\u00df (erst im Format A4 und seit 2006 im Format A5) und man kann diese gegen eine Schutzgeb\u00fchr von 1,00 Euro plus Porto und Verpackung erwerben.<\/p>\n<p>Mit der Herausgabe einer Vereinszeitung wollen wir als Verein dieses Medium entsprechend unserem Anliegen und unserer Satzung nutzen, um die Tradition der Berliner B\u00e4ren einer breiten \u00d6ffentlichkeit zug\u00e4nglich zu machen.<\/p>\n<p>Mit unserer Vereinszeitung \u201eDer Berliner B\u00e4r\u201c wollen wir die Informationsbeziehungen zu den Mitgliedern und Freunden des Berliner B\u00e4ren verbessern und die Aktivit\u00e4ten des Vereins \u00f6ffentlich machten, sowie neue Erkenntnisse weitergeben.<\/p>\n<p>Jedes Mitglied kann nur neue Mitglieder werben, wenn er wei\u00df, was wir tun und welche Ergebnisse vorliegen. Interessierte Freunde des Berliner B\u00e4ren, k\u00f6nnen so selbst erfahren, was mit ihren Spendengeldern passiert.<\/p>\n<p>Was wir bis heute erreicht haben, kann sich sehen lassen. Im Jahr 2000 war der Verein Berliner B\u00e4renfreunde e.V. gerade f\u00fcnf Jahre alt. Was sind diese f\u00fcnf Jahre der Arbeit des Vereins gegen die Geschichte unseres Wappentiers von mehr als 720 Jahren? Zu dieser Zeit hatten wir mehr als dreitausend Belege \u00fcber unser Wappentier zusammen getragen und archiviert.<\/p>\n<p>Unsere Aufgabe ist reizvoll und interessant. Jeder, der einen guten Willen mitbringt, ist willkommen. Unser Verein hat mehrere hundert Bef\u00fcrworter, die uns mit vielen Hinweisen und Unterlagen \u00fcber unser Wappentier unterst\u00fctzen und unsere T\u00e4tigkeiten aufmerksam verfolgen.<\/p>\n<p>Es freut uns sehr, dass die Arbeit unseres Vereins in den Medien und bei den Berlinern eine gro\u00dfe Aufmerksamkeit findet. Das liegt vornehmlich daran, dass \u00fcber unsere Berliner B\u00e4rengeschichte so wenig bekannt ist, diese sozusagen \u00fcber Jahrhunderte vernachl\u00e4ssigt wurde.<\/p>\n<p>Von der ersten Ausgabe der Vereinszeitung im III. Quartal 2000 bis zur Ausgabe IV. Quartal 2005 war Herr Bernd Unger der Redakteur und Herausgeber unserer Vereinszeitung.<\/p>\n<p>Nach seinem Tod im Dezember 2005 wurde Frau Junge im M\u00e4rz 2006 in ihr Amt eingef\u00fchrt. Nach einer kurzen Einarbeitungszeit entschloss sie sich, die Vereinszeitung \u201eDer Berliner B\u00e4r\u201c weiter herauszugeben.<\/p>\n<p><strong>Alle Ausgaben ab Quartal III 2006 k\u00f6nnen erworben werden. Der Preis pro Ausgabe betr\u00e4gt 1 Euro plus Porto und Verpackung. Mehrere Exemplare bitte auf Nachfrage.<\/strong><\/p>\n<p><strong>Wenn Sie an einer oder auch mehrerer Ausgaben interessiert sind, k\u00f6nnen Sie sich \u00fcber das <a href=\"https:\/\/www.berliner-baerenfreunde.de\/web\/?page_id=47\">Kontaktformular <\/a>an Frau Junge wenden. Sie wird dann mit Ihnen in Kontakt treten.<\/strong><\/p>\n<p><a href=\"https:\/\/www.berliner-baerenfreunde.de\/web\/?cat=9\">Alle Ausgaben der Vereinszeitung in der \u00dcbersicht.<\/a><\/p>\n","protected":false},"excerpt":{"rendered":"<p>Der Verein Berliner B\u00e4renfreunde e.V. hat auch eine Vereinszeitung.<\/p>\n","protected":false},"author":1,"featured_media":0,"parent":0,"menu_order":0,"comment_status":"closed","ping_status":"closed","template":"","meta":{"ngg_post_thumbnail":0,"footnotes":""},"class_list":["post-112","page","type-page","status-publish","hentry"],"_links":{"self":[{"href":"https:\/\/www.berliner-baerenfreunde.de\/web\/wp-json\/wp\/v2\/pages\/112","targetHints":{"allow":["GET"]}}],"collection":[{"href":"https:\/\/www.berliner-baerenfreunde.de\/web\/wp-json\/wp\/v2\/pages"}],"about":[{"href":"https:\/\/www.berliner-baerenfreunde.de\/web\/wp-json\/wp\/v2\/types\/page"}],"author":[{"embeddable":true,"href":"https:\/\/www.berliner-baerenfreunde.de\/web\/wp-json\/wp\/v2\/users\/1"}],"replies":[{"embeddable":true,"href":"https:\/\/www.berliner-baerenfreunde.de\/web\/wp-json\/wp\/v2\/comments?post=112"}],"version-history":[{"count":1,"href":"https:\/\/www.berliner-baerenfreunde.de\/web\/wp-json\/wp\/v2\/pages\/112\/revisions"}],"predecessor-version":[{"id":729,"href":"https:\/\/www.berliner-baerenfreunde.de\/web\/wp-json\/wp\/v2\/pages\/112\/revisions\/729"}],"wp:attachment":[{"href":"https:\/\/www.berliner-baerenfreunde.de\/web\/wp-json\/wp\/v2\/media?parent=112"}],"curies":[{"name":"wp","href":"https:\/\/api.w.org\/{rel}","templated":true}]}}