{"id":13,"date":"2006-08-15T22:57:31","date_gmt":"2006-08-15T20:57:31","guid":{"rendered":"http:\/\/www.berliner-baerenfreunde.de\/web\/?page_id=13"},"modified":"2013-11-13T10:50:49","modified_gmt":"2013-11-13T08:50:49","slug":"zeittafel","status":"publish","type":"page","link":"https:\/\/www.berliner-baerenfreunde.de\/web\/zeittafel\/","title":{"rendered":"Zeittafel"},"content":{"rendered":"<p><!--more--><strong>Hier finden Sie die wichtigsten Daten zu Ereignissen rund um das Thema Berliner B\u00e4r, B\u00e4renzwinger am K\u00f6llnischen Park und den Berliner B\u00e4renfreunden.<\/strong><\/p>\n<p><strong>08. Januar<\/strong><\/p>\n<ul>\n<li>Geburtstag von Stadtb\u00e4r Tilo (geboren 1990, gestorben 12.04.2007)<\/li>\n<\/ul>\n<p><strong>14. Januar<\/strong><\/p>\n<ul>\n<li>Geburtstag von Maxi (geboren 1986, gestorben 23.08.2013)<\/li>\n<\/ul>\n<p><strong>18. Januar<\/strong><\/p>\n<ul>\n<li>Geburtstag von Schnute (geboren 1981)<\/li>\n<\/ul>\n<p><strong>22. M\u00e4rz<\/strong><\/p>\n<ul>\n<li>Tag der Berliner B\u00e4ren, denn das \u00e4lteste Stadtsiegel mit der Abbildung eines B\u00e4ren datiert vom 22. M\u00e4rz 1280.<\/li>\n<\/ul>\n<p><strong>22. April<\/strong><\/p>\n<ul>\n<li>Im Jahr 1994 werden f\u00fcnf kleine B\u00e4ren vorgestellt.<\/li>\n<\/ul>\n<p><strong>20. Mai<\/strong><\/p>\n<ul>\n<li>B\u00e4rolina, Atze, Piefke, Alex und Rieke &#8211; Taufe der jungen B\u00e4ren im Jahr 1994.<\/li>\n<\/ul>\n<p><strong>26. Juni<\/strong><\/p>\n<ul>\n<li>Tag des B\u00e4ren: Anlass ist der Abschuss vom B\u00e4ren Bruno am 26.06.2006 in Bayern.<\/li>\n<\/ul>\n<p><strong>17. August<\/strong><\/p>\n<ul>\n<li>Der B\u00e4renzwinger am K\u00f6llnischen Park in Berlin-Mitte wurde 1939 er\u00f6ffnet.<\/li>\n<\/ul>\n<p><strong>28. Oktober<\/strong><\/p>\n<ul>\n<ul>\n<li>Geburtstag der Stadt Berlin im Jahr 1237. Dieser wurde seit 1996 bis 2010 mit einer Geburtstagslage f\u00fcr die Wappentiere im K\u00f6llnischen Park gefeiert.<\/li>\n<\/ul>\n<\/ul>\n<p>Das Fressverhalten der B\u00e4ren hat sich im Alter ver\u00e4ndert, so dass es keine \u00f6ffentlichen F\u00fctterungen, wie in den letzten Jahren geben wird<\/p>\n<p><strong>10. November<\/strong><\/p>\n<ul>\n<li>Der Verein Berliner B\u00e4renfreunde e.V. wird 1994 gegr\u00fcndet.<\/li>\n<\/ul>\n","protected":false},"excerpt":{"rendered":"","protected":false},"author":1,"featured_media":0,"parent":0,"menu_order":0,"comment_status":"closed","ping_status":"closed","template":"","meta":{"ngg_post_thumbnail":0,"footnotes":""},"class_list":["post-13","page","type-page","status-publish","hentry"],"_links":{"self":[{"href":"https:\/\/www.berliner-baerenfreunde.de\/web\/wp-json\/wp\/v2\/pages\/13","targetHints":{"allow":["GET"]}}],"collection":[{"href":"https:\/\/www.berliner-baerenfreunde.de\/web\/wp-json\/wp\/v2\/pages"}],"about":[{"href":"https:\/\/www.berliner-baerenfreunde.de\/web\/wp-json\/wp\/v2\/types\/page"}],"author":[{"embeddable":true,"href":"https:\/\/www.berliner-baerenfreunde.de\/web\/wp-json\/wp\/v2\/users\/1"}],"replies":[{"embeddable":true,"href":"https:\/\/www.berliner-baerenfreunde.de\/web\/wp-json\/wp\/v2\/comments?post=13"}],"version-history":[{"count":12,"href":"https:\/\/www.berliner-baerenfreunde.de\/web\/wp-json\/wp\/v2\/pages\/13\/revisions"}],"predecessor-version":[{"id":423,"href":"https:\/\/www.berliner-baerenfreunde.de\/web\/wp-json\/wp\/v2\/pages\/13\/revisions\/423"}],"wp:attachment":[{"href":"https:\/\/www.berliner-baerenfreunde.de\/web\/wp-json\/wp\/v2\/media?parent=13"}],"curies":[{"name":"wp","href":"https:\/\/api.w.org\/{rel}","templated":true}]}}