{"id":148,"date":"2008-02-06T13:45:33","date_gmt":"2008-02-06T12:45:33","guid":{"rendered":"http:\/\/www.berliner-baerenfreunde.de\/web\/?page_id=148"},"modified":"2011-01-15T10:21:24","modified_gmt":"2011-01-15T09:21:24","slug":"termine-archiv","status":"publish","type":"page","link":"https:\/\/www.berliner-baerenfreunde.de\/web\/termine-archiv\/","title":{"rendered":"Termine (Archiv)"},"content":{"rendered":"<p><!--more-->Auf dieser Seite finden Sie alle Termine, die in der Vergangenheit liegen.  Alle aktuellen und kommenden Termine <a href=\"https:\/\/www.berliner-baerenfreunde.de\/web\/?page_id=4\">finden Sie auf dieser Seite<\/a>.<\/p>\n<h3>Vergangene Termine:<\/h3>\n<p><strong>28. August 2010: Verabschiedung der B\u00e4ren in die Winterruhe<\/strong><br \/>\n<a href=\"https:\/\/www.berliner-baerenfreunde.de\/web\/?p=882\">Weitere Informationen hier.<\/a><\/p>\n<p><strong>17. August 2010: Geburtstag des Berliner B\u00e4renzwingers<\/strong><br \/>\n<a href=\"https:\/\/www.berliner-baerenfreunde.de\/web\/?p=832\">Weitere Informationen hier.<\/a><\/p>\n<p><strong>28. Oktober 2009: Berlin feiert Geburtstag, Winterruhe beginnt<\/strong><br \/>\nAm Mittwoch, 28. Oktober gibt es wieder eine Sonderf\u00fctterung f\u00fcr die beiden B\u00e4ren im B\u00e4renzwinger. Grund ist der Geburtstag der Stadt Berlin. Am gleichen Tag wird zudem die WInterruhe f\u00fcr die beiden eingeleitet. <a href=\"https:\/\/www.berliner-baerenfreunde.de\/web\/?p=626\">Weitere Informationen hier.<\/a><\/p>\n<p><strong>14. Oktober 2009: Berliner B\u00e4r im Kieztreff<\/strong><br \/>\nAm Mittwoch, 14. Oktober findet im \u201cKieztreff interkulturell\u00e2\u20ac\u009d im Stadtteilzentrum Berlin-Marzahn ein gem\u00fctlicher Nachmittag rund um das Thema \u201cBerliner B\u00e4r\u00e2\u20ac\u009d statt. <a href=\"https:\/\/www.berliner-baerenfreunde.de\/web\/?p=607\">Weitere Informationen hier.<\/a><\/p>\n<p><strong>22. August:  70 Jahre Berliner B\u00e4renzwinger<\/strong><br \/>\nAm Samstag, 22. August 2009 gibt es f\u00fcr alle Berliner, Touristen der Stadt und B\u00e4renfans ein gro\u00dfes Jubil\u00e4um zu feiern. Der beliebte B\u00e4renzwinger im K\u00f6llnischen Park wird 70! Die Berliner B\u00e4renfreunde und das Bezirksamt Mitte laden herzlich ein.<br \/>\n<a href=\"https:\/\/www.berliner-baerenfreunde.de\/web\/?p=582\">Pressemitteitlung des Vereins<\/a> | <a href=\"https:\/\/www.berliner-baerenfreunde.de\/web\/?p=571\">Offizielle Veranstaltung<\/a><\/p>\n<p><strong>2. Juni: Plauderei \u00fcber den Berliner B\u00e4ren<\/strong><br \/>\nAm Dienstag, 2. Juni 2009 findet im Nachbarschaftszentrum &#8222;Rudi&#8220; eine &#8222;Plauderei \u00fcber den Berliner B\u00e4ren&#8220; statt. Die Vereinsvorsitzende der Berliner B\u00e4renfreunde, Christa Junge, wird \u00fcber das Wappentier der Stadt berichten <a href=\"https:\/\/www.berliner-baerenfreunde.de\/web\/?p=459\">Weitere Informationen hier.<\/a><\/p>\n<p><strong>22. M\u00e4rz: Der Berliner B\u00e4r feiert Geburtstag<\/strong><br \/>\nAn diesem Tag gibt es am Berliner B\u00e4renzwinger im K\u00f6llnischen Park eine Extraportion Leckereien f\u00fcr die beiden Stadtb\u00e4ren Maxi und Schnute. Grund ist der 729. Geburtstag des Berliner Wappentiers. <a href=\"https:\/\/www.berliner-baerenfreunde.de\/web\/?p=344\">Weitere Informationen hier.<\/a><\/p>\n<p><strong>Geburtstage der B\u00e4ren im Januar<\/strong><br \/>\nIm Januar stehen wie jedes Jahr die Geburtstag der beiden B\u00e4ren im B\u00e4renzwinger auf dem Programm: Am Mittwoch, 14. Januar 2009 um 12:30 Uhr feiern wir den 23. Geburtstag von Maxi. Der 28. Geburtstag von der amtierenden Stadtb\u00e4rin Schnute wird am Sonntag, 18. Januar 2009 um 12:30 Uhr gefeiert. F\u00fcr beide B\u00e4ren gibt es traditionell eine B\u00e4ren-Sonderf\u00fctterung. Wir erinnern gleichzeitig an den 2007 verstorbenen B\u00e4ren Tilo. Am 8. Januar 2009 w\u00e4re er 19 Jahre alt geworden.<\/p>\n<p><strong>Berlin feiert den 771. Geburtstag<\/strong><br \/>\nAm <strong>Dienstag, den 28. Oktober 2008<\/strong> feiert die Stadt Berlin den 771. Geburtstag. Welche Feierlichkeiten Sie am B\u00e4renzwinger erwartet, k\u00f6nnen Sie hier nachlesen: <a href=\"https:\/\/www.berliner-baerenfreunde.de\/web\/?p=230\">Zum Beitrag &#8222;Geburtstag der Stadt Berlin &#8211; der B\u00e4renzwinger feiert mit&#8220;<\/a><\/p>\n<p><strong>B\u00e4renzwinger feiert Geburtstag<\/strong><br \/>\nAm <strong>Sonntag, 17. August 2008<\/strong> wird die Traditionsst\u00e4tte des Berliner B\u00e4ren 69 Jahre alt. Dazu gibt es nat\u00fcrlich die traditionelle B\u00e4ren-Sonderf\u00fctterung und Besucher k\u00f6nnen einen Blick auf die Arbeit der Berliner B\u00e4renfreunde werfen. <a href=\"https:\/\/www.berliner-baerenfreunde.de\/web\/?p=182\">Mehr dazu hier.<\/a><a href=\"https:\/\/www.berliner-baerenfreunde.de\/web\/?p=162\"><br \/>\n<\/a><\/p>\n<p><strong>Besuch aus Bern<\/strong><br \/>\nAm <strong>Samstag, 24. Mai 2008<\/strong> erwarten wir 26 Mitglieder und G\u00e4ste des Tierparkvereins Bern. Sie werden am Nachmittag unsere B\u00e4ren am B\u00e4renzwinger im K\u00f6llnischen Park besuchen. Der Tierparkverein war bereits im vergangenen Jahr am B\u00e4renzwinger zu Gast. <a href=\"https:\/\/www.berliner-baerenfreunde.de\/web\/?p=165\">Lesen Sie hier mehr.<\/a><a href=\"https:\/\/www.berliner-baerenfreunde.de\/web\/?p=162\"><br \/>\n<\/a><\/p>\n<p><a href=\"https:\/\/www.berliner-baerenfreunde.de\/web\/?p=154\"><\/a><strong>Tag des Berliner B\u00e4ren<\/strong><br \/>\nAm <strong>22. M\u00e4rz 2008<\/strong> findet der Tag des Berliner B\u00e4ren statt. Am B\u00e4renzwinger gibt es deshalb eine B\u00e4ren-Sonderf\u00fctterung.<br \/>\n<a href=\"https:\/\/www.berliner-baerenfreunde.de\/web\/?p=162\">Weitere Informationen gibt es hier.<\/a><\/p>\n<p><strong>Interview am B\u00e4renzwinger im NDR-Fernsehen<\/strong><br \/>\nAm <strong>11. M\u00e4rz 2008 um 18:15 Uhr <\/strong>strahlt der NDR eine Reporttage \u00fcber den B\u00e4renwald M\u00fcritz aus. Das Fernsehteam hat dazu auch den B\u00e4renzwinger im K\u00f6llnischen Park besucht. <a href=\"https:\/\/www.berliner-baerenfreunde.de\/web\/?p=158\">Weitere Informationen gibt es hier.<\/a><\/p>\n<p><strong>Berlin &#8211; b\u00e4renstark!<\/strong><br \/>\nAm <strong>01. M\u00e4rz 2008<\/strong> findet von 10-16 Uhr der Tag der Archive im Landesarchiv Berlin statt. Die Berliner B\u00e4renfreunde sind ebenfalls vertreten. Wir stellen dem Publikum den Verein vor und berichten \u00fcber unsere Arbeit rund um das Berliner Wappentier. <a href=\"https:\/\/www.berliner-baerenfreunde.de\/web\/?p=154\">Weitere Informationen gibt es hier.<\/a><\/p>\n<p><strong>Erinnerung an Stadtb\u00e4r Tilo<br \/>\n<\/strong>Am 08. Januar 2008 w\u00e4re unser ehemaliger Stadtb\u00e4r Tilo 18 Jahre alt geworden. Wir  erinnern hiermit an den im April 2007 verstorbenen B\u00e4ren.<\/p>\n<p><strong>14. Januar 2008, 12:30 Uhr (Montag)<br \/>\n<\/strong>Die Berliner B\u00e4renfreunde feiern gemeinsam mit Maxi ihren 22. Geburtstag. Sie sind herzlich dazu eingeladen am B\u00e4renzwinger mitzufeiern.<\/p>\n<p><strong>18. Januar 2008, 12:30 Uhr (Freitag)<br \/>\n<\/strong>Die Berliner B\u00e4renfreunde feiern gemeinsam mit der amtierenden Stadtb\u00e4rin Schnute ihren 27 Geburtstag. Sie sind herzlich dazu eingeladen am B\u00e4renzwinger mitzufeiern.<\/p>\n<p><strong>06. Dezember 2007, 15 Uhr<\/strong><br \/>\nDie diesj\u00e4hrige Weihnachts- und Jahresabschlussfeier unseres Vereins findet bei Julchen Hoppe im Nikolaiviertel (Rathausstra\u00dfe 25, 10178 Berlin) statt. Alle Mitglieder und langj\u00e4hrige Freunde des Vereins sind herzlich eingeladen. <a href=\"https:\/\/www.berliner-baerenfreunde.de\/web\/?p=145\">Weitere Informationen auf dieser Seite.<\/a><\/p>\n<p><strong>28. Oktober 2007<br \/>\n<\/strong>Die Stadt Berlin feiert den 770. Geburtstag. Dazu gibt es am B\u00e4renzwinger im K\u00f6llnischen Park eine kleine Veranstaltung, bei der Sie neben den beiden Stadtb\u00e4ren auch unseren Verein kennen lernen k\u00f6nnen.<br \/>\n<a href=\"https:\/\/www.berliner-baerenfreunde.de\/web\/?p=139\">Offizielle Ank\u00fcndigung der Veranstaltung.<\/a><br \/>\n<a href=\"https:\/\/www.berliner-baerenfreunde.de\/web\/?p=143\">Das war die Geburtstagsfeier.<\/a><\/p>\n<p><strong>21.-23. September 2007<br \/>\n<\/strong>Der Briefmarkenverein \u201eBerliner B\u00e4r\u201c in Tempelhof  feiert seinen<br \/>\n60. Geburtstag. Die Berliner B\u00e4renfreunde haben die M\u00f6glichkeit, die Arbeit des Vereins dort vorzustellen. Die Veranstaltung findet in der Seniorenfreizeitst\u00e4tte \u201eSorgenfrei\u201c (Markgrafenstr. 10, 12105 Berlin-Tempelhof) statt. <a href=\"https:\/\/www.berliner-baerenfreunde.de\/web\/?p=137\">Weitere Informationen gibt es hier.<\/a><\/p>\n<p><strong>7. September 2007<br \/>\n<\/strong>Um 19 Uhr findet im Caf\u00e9 Tasso eine Veranstaltung zum Thema &#8222;Der Berliner B\u00e4r in Geschichte und Alltag unserer Stadt&#8220; statt. <a href=\"https:\/\/www.berliner-baerenfreunde.de\/web\/?p=132\">Weitere Informationen erhalten Sie hier.<\/a><\/p>\n<p><strong>17. August 2007<br \/>\n<\/strong>Der B\u00e4renzwinger am K\u00f6llnischen Park wird 68 Jahre alt. Die B\u00e4ren Maxi und Schnute bekommen aus diesem Anlass um 12:30 Uhr eine B\u00e4rensonderf\u00fctterung in Form einer fruchtigen Geburtstagslage.<\/p>\n<p><strong>13. Juni 2007, 14:30 Uhr<br \/>\n<\/strong><strong>B\u00e4riges aus Berlin:<\/strong> Plauderei mit Christa Junge (Vorsitzende des Berliner B\u00e4renfreunde e.V.) bei Kaffee und Kuchen. Die Veranstaltung findet im Speisesaal des <strong>Seniorenheims im Buckower Ring 62, 12683 Berlin<\/strong>, statt. Es wird ein Unkostenbeitrag von 1,50 Euro erhoben.<\/p>\n<p><strong>1. Juni 2007<br \/>\n<\/strong>Treffen der Revisionskommission und Vorstandssitzung im Fischerkietz 5.<\/p>\n<p><strong>25. April 2007<br \/>\n<\/strong>Ausflug in den B\u00e4renwald M\u00fcritz.<\/p>\n<p><strong>22. M\u00e4rz 2007<br \/>\n<\/strong>Wir feiern den 727.Geburtstag des Berliner B\u00e4ren. Dazu gibt es um 12:30 Uhr eine B\u00e4renf\u00fctterung.<\/p>\n<p><strong>08.\/14.\/18. Januar 2007<\/strong><br \/>\nB\u00e4rengeburtstage der Wappentiere: Am 08.01.07 feiert Tilo seinen 17.Geburtstag, am 14.01.2007 hat Maxi ihren 21.Geburtstag und am 18.01.2007 feiert Schnute ihren 26.Geburtstag. Aus diesen Anl\u00e4ssen findet an den jeweiligen Ehrentagen eine B\u00e4renf\u00fctterung um 12:30 Uhr statt.<\/p>\n<p><strong>08. Dezember 2006<br \/>\n<\/strong>An diesem Tag findet die Weihnachts- und Jahresabschlussfeier des Vereins bei &#8222;Julchen Hoppe&#8220; im Nikolaiviertel statt.<\/p>\n<p><strong>28. Oktober 2006, 12:30 Uhr<br \/>\n<\/strong>Die Stadt Berlin feiert am Samstag, den 28. Oktober 2006 ihren Geburtstag. Tilo, Maxi und Schnute erhalten zu diesem Anlass stellvertretend als lebendige Wappentiere der Stadt Berlin eine fruchtige B\u00e4rensonderf\u00fctterung um 12.30 Uhr im B\u00e4renzwinger am K\u00f6llnischen Park.<br \/>\n<a href=\"https:\/\/www.berliner-baerenfreunde.de\/web\/?p=53\">Mitteilung des Vereins der Berliner B\u00e4renfreunde e.V.<\/a><br \/>\n<a href=\"https:\/\/www.berliner-baerenfreunde.de\/web\/?p=58\">Pressemitteilung des Bezirksamt Berlin-Mitte<\/a><br \/>\n<a href=\"https:\/\/www.berliner-baerenfreunde.de\/web\/?p=60\">Bericht \u00fcber die Geburtstagsveranstaltung<\/a><\/p>\n<p><strong>17. August 2006, 12:30 Uhr<br \/>\n<\/strong>Der Zwinger am K\u00f6llnischen Park feiert am 17. August 2006 seinen 67. Geburtstag. Hierzu finden Sie die <a href=\"https:\/\/www.berliner-baerenfreunde.de\/web\/?p=9\">Pressemitteilung des Bezirksamt Berlin-Mitte<\/a> und den <a href=\"https:\/\/www.berliner-baerenfreunde.de\/web\/?p=14\">dazugeh\u00f6rigen Bericht<\/a>.<\/p>\n<p><strong>05. August 2006, ca. 11:00 Uhr<br \/>\n<\/strong>Herr Stader, Vorsitzender vom Bund der Berliner &amp; Freunde Berlins (Kreisverband Hof) besucht mit seinen Vereinsmitgliedern und Kindern unsere sch\u00f6ne Stadt Berlin. Der Verein Berliner B\u00e4renfreunde e.V. wird der Gruppe einige Highlights von Berlin zeigen. <a href=\"https:\/\/www.berliner-baerenfreunde.de\/web\/?p=25\">Den Bericht \u00fcber den Besuch finden Sie hier.<\/a><\/p>\n<p><strong>15. Mai 2006<br \/>\n<\/strong>Treffen mit Prof. J\u00fcrgen Heinrichs und 14 Studenten von der Seton Hall Universit\u00e4t in den USA. <a href=\"https:\/\/www.berliner-baerenfreunde.de\/web\/?p=35\">Den Bericht \u00fcber den Besuch finden Sie hier.<\/a><\/p>\n","protected":false},"excerpt":{"rendered":"","protected":false},"author":1,"featured_media":0,"parent":0,"menu_order":0,"comment_status":"closed","ping_status":"closed","template":"","meta":{"ngg_post_thumbnail":0,"footnotes":""},"class_list":["post-148","page","type-page","status-publish","hentry"],"_links":{"self":[{"href":"https:\/\/www.berliner-baerenfreunde.de\/web\/wp-json\/wp\/v2\/pages\/148","targetHints":{"allow":["GET"]}}],"collection":[{"href":"https:\/\/www.berliner-baerenfreunde.de\/web\/wp-json\/wp\/v2\/pages"}],"about":[{"href":"https:\/\/www.berliner-baerenfreunde.de\/web\/wp-json\/wp\/v2\/types\/page"}],"author":[{"embeddable":true,"href":"https:\/\/www.berliner-baerenfreunde.de\/web\/wp-json\/wp\/v2\/users\/1"}],"replies":[{"embeddable":true,"href":"https:\/\/www.berliner-baerenfreunde.de\/web\/wp-json\/wp\/v2\/comments?post=148"}],"version-history":[{"count":15,"href":"https:\/\/www.berliner-baerenfreunde.de\/web\/wp-json\/wp\/v2\/pages\/148\/revisions"}],"predecessor-version":[{"id":187,"href":"https:\/\/www.berliner-baerenfreunde.de\/web\/wp-json\/wp\/v2\/pages\/148\/revisions\/187"}],"wp:attachment":[{"href":"https:\/\/www.berliner-baerenfreunde.de\/web\/wp-json\/wp\/v2\/media?parent=148"}],"curies":[{"name":"wp","href":"https:\/\/api.w.org\/{rel}","templated":true}]}}