{"id":43,"date":"2006-09-24T14:34:34","date_gmt":"2006-09-24T12:34:34","guid":{"rendered":"http:\/\/www.berliner-baerenfreunde.de\/web\/?page_id=43"},"modified":"2023-06-16T17:46:28","modified_gmt":"2023-06-16T15:46:28","slug":"der-barenzwinger-am-kollnischen-park","status":"publish","type":"page","link":"https:\/\/www.berliner-baerenfreunde.de\/web\/der-barenzwinger-am-kollnischen-park\/","title":{"rendered":"Der B\u00e4renzwinger am K\u00f6llnischen Park"},"content":{"rendered":"<p><!--more--><strong>Besuchen Sie den Berliner B\u00e4renzwinger!<\/strong><br \/>\nViele Jahrzehnte lang lebten hier verschiedene B\u00e4ren &#8211; das Symbol und Wappentier der Stadt Berlin. B\u00e4rin Schnute verstarb am 11. Oktober 2015. Zuk\u00fcnftig wird es keine lebendigen B\u00e4ren mehr im B\u00e4renzwinger geben.<\/p>\n<p><strong>Wo befindet sich der B\u00e4renzwinger?<\/strong><br \/>\nDer B\u00e4renzwinger am K\u00f6llnischen Park befindet sich gleich hinter dem M\u00e4rkischen Museum an der Rungestra\u00dfe \/ Am K\u00f6llnischen Park.<\/p>\n<p><strong>Wie erreicht man den Berliner B\u00e4renzwinger mit Bus und Bahn?<\/strong><br \/>\nMit den \u00f6ffentlichen Verkehrsmitteln erreicht man ihn \u00fcber den U-Bahnhof M\u00e4rkisches Museum (U2), mit der S- und U-Bahn bis Jannowitzbr\u00fccke oder \u00fcber den U-Bahnhof Heinrich-Heine-Str. (U8).<\/p>\n<p><strong>\u00dcbersichtsplan von Google Maps Deutschland: <\/strong><a href=\"http:\/\/maps.google.de\/maps?f=q&amp;hl=de&amp;q=Am+K%C3%B6llnischen+Park+Berlin&amp;ie=UTF8&amp;z=17&amp;ll=52.512767,13.416045&amp;spn=0.002775,0.010729&amp;t=h&amp;om=1\" target=\"_blank\" rel=\"noopener\">Hier klicken<\/a>.<\/p>\n<p><strong>\u00d6ffnungszeiten des B\u00e4renzwingers <\/strong><\/p>\n<p><strong><em>Der B\u00e4renzwinger ist geschlossen<\/em><br \/>\n<\/strong><\/p>\n<p>Der Berliner B\u00e4renzwinger geh\u00f6rt dem Bezirksamt Mitte\/ Tiergarten (Gr\u00fcnf\u00e4chenamt).<br \/>\nWir sind ein gemeinn\u00fctzig, ehrenamtlich t\u00e4tiger Verein, der sich von &#8222;aussen&#8220; viele Jahre um die Berliner Stadtb\u00e4ren gek\u00fcmmert hat.<\/p>\n<p><img decoding=\"async\" id=\"image45\" src=\"https:\/\/www.berliner-baerenfreunde.de\/web\/wp-content\/uploads\/zwinger02.jpg\" alt=\"Der B\u00e4renzwinger am K\u00f6llnischen Park\"><\/p>\n<p>Foto: \u00a9 Verein Berliner B\u00e4renfreunde e.V.<\/p>\n","protected":false},"excerpt":{"rendered":"","protected":false},"author":1,"featured_media":0,"parent":0,"menu_order":0,"comment_status":"closed","ping_status":"closed","template":"","meta":{"ngg_post_thumbnail":0,"footnotes":""},"class_list":["post-43","page","type-page","status-publish","hentry"],"_links":{"self":[{"href":"https:\/\/www.berliner-baerenfreunde.de\/web\/wp-json\/wp\/v2\/pages\/43","targetHints":{"allow":["GET"]}}],"collection":[{"href":"https:\/\/www.berliner-baerenfreunde.de\/web\/wp-json\/wp\/v2\/pages"}],"about":[{"href":"https:\/\/www.berliner-baerenfreunde.de\/web\/wp-json\/wp\/v2\/types\/page"}],"author":[{"embeddable":true,"href":"https:\/\/www.berliner-baerenfreunde.de\/web\/wp-json\/wp\/v2\/users\/1"}],"replies":[{"embeddable":true,"href":"https:\/\/www.berliner-baerenfreunde.de\/web\/wp-json\/wp\/v2\/comments?post=43"}],"version-history":[{"count":43,"href":"https:\/\/www.berliner-baerenfreunde.de\/web\/wp-json\/wp\/v2\/pages\/43\/revisions"}],"predecessor-version":[{"id":17840,"href":"https:\/\/www.berliner-baerenfreunde.de\/web\/wp-json\/wp\/v2\/pages\/43\/revisions\/17840"}],"wp:attachment":[{"href":"https:\/\/www.berliner-baerenfreunde.de\/web\/wp-json\/wp\/v2\/media?parent=43"}],"curies":[{"name":"wp","href":"https:\/\/api.w.org\/{rel}","templated":true}]}}