{"id":450,"date":"2009-06-28T10:58:32","date_gmt":"2009-06-28T08:58:32","guid":{"rendered":"http:\/\/www.berliner-baerenfreunde.de\/web\/?page_id=450"},"modified":"2017-07-16T11:45:14","modified_gmt":"2017-07-16T09:45:14","slug":"mitglied-bei-den-barenfreunden-werden","status":"publish","type":"page","link":"https:\/\/www.berliner-baerenfreunde.de\/web\/mitglied-bei-den-barenfreunden-werden\/","title":{"rendered":"Wer hat Interesse bei der Erforschung der Geschichte des Berliner B\u00e4ren mitzuarbeiten?"},"content":{"rendered":"<p>Werden Sie Mitglied bei den Berliner B\u00e4renfreunden!<!--more--><strong>Hier sind Sie genau richtig &#8211;<br \/>\nWerden Sie Mitglied, werden Sie ein Berliner B\u00e4renfreund.<\/strong><\/p>\n<p>Was Sie daf\u00fcr tun m\u00fcssen? Ganz einfach. Laden Sie den Aufnahmeantrag herunter, f\u00fcllen Sie diesen aus und schicken Sie ihn per Post an den Verein der Berliner B\u00e4renfreunde unterschrieben zur\u00fcck. Bei Jugendlichen unter 18 Jahren ist die Unterschrift der Erziehungsberechtigten erforderlich. Ihr Antrag auf Mitgliedschaft bei den B\u00e4renfreunden wird dann bearbeitet und Sie werden benachrichtigt, sobald Ihrem Antrag stattgegeben wurde.<\/p>\n<p>Denken Sie aber bitte daran, dass Sie sich bei einer Mitgliedschaft \u00fcber die Satzung und die Ziele der Arbeit des Vereins im Klaren sein m\u00fcssen.<\/p>\n<p><strong>Denn als Vereinsmitglied sind Sie gefragt, wenn es darum geht, \u2026<\/strong><\/p>\n<ul>\n<li>Den Berliner B\u00e4ren in all seinen Formen (Skulpturen, Reliefs, Brunnen, Malereien und Logos) im Raum Berlin, Deutschland- und auch Weltweit zu finden und die Geschichte dazu zu recherchieren, zu ver\u00f6ffentlichen und archivieren.<\/li>\n<li>Daf\u00fcr zu sorgen, dass die Geschichte der Berliner B\u00e4ren und speziell die von Tilo, Maxi und Schnute im Berliner B\u00e4renzwinger im K\u00f6llnischen Park nicht vergessen wird.<\/li>\n<li>Lieder, Gedichte, Pressebeitr\u00e4ge, neue und antiquarische B\u00fccher, Videos, Aufzeichnungen von Rundfunk- und Fernsehsendungen, Briefmarken und Belege aus dem weiten Bereich der Wirtschaft, wie Unternehmen mit B\u00e4r im Namen oder auch der B\u00e4r in der Werbung f\u00fcr unseren Verein zu suchen.<\/li>\n<li>Mitglieder f\u00fcr die Ziele des Vereins zu werben.<\/li>\n<\/ul>\n<p><strong>Haben wir Ihr Interesse geweckt? Dann sind Sie bei uns genau richtig!<\/strong><\/p>\n<p>Der monatliche Mitgliedsbeitrag betr\u00e4gt 2,50 Euro, bei Eintritt in den Verein sind einmalig 10,00 Euro zu zahlen (Stand: 08\/2013).<\/p>\n<p>Haben Sie noch Fragen? Wenden Sie sich einfach an den Verein.<\/p>\n<p><a href=\"https:\/\/www.berliner-baerenfreunde.de\/web\/?page_id=5\">Die Kontaktm\u00f6glichkeiten mit Postanschrift gibt es auf dieser Seite.<\/a><\/p>\n<p>Download: <a href=\"http:\/\/www.berliner-baerenfreunde.de\/downloads\/130806_Satzung_Berliner_Baerenfreunde.pdf\" target=\"_blank\">Die Satzung des Vereins Berliner B\u00e4renfreunde e.V.<\/a><\/p>\n<p>Download: <a href=\"http:\/\/www.berliner-baerenfreunde.de\/downloads\/Aufnahmeantrag_Berliner_Baerenfreunde.pdf\" target=\"_blank\">Aufnahmeantrag Berliner B\u00e4renfreunde e.V.<\/a><\/p>\n","protected":false},"excerpt":{"rendered":"<p>Werden Sie Mitglied bei den Berliner B\u00e4renfreunden!<\/p>\n","protected":false},"author":1,"featured_media":0,"parent":0,"menu_order":0,"comment_status":"closed","ping_status":"open","template":"","meta":{"ngg_post_thumbnail":0,"footnotes":""},"class_list":["post-450","page","type-page","status-publish","hentry"],"_links":{"self":[{"href":"https:\/\/www.berliner-baerenfreunde.de\/web\/wp-json\/wp\/v2\/pages\/450","targetHints":{"allow":["GET"]}}],"collection":[{"href":"https:\/\/www.berliner-baerenfreunde.de\/web\/wp-json\/wp\/v2\/pages"}],"about":[{"href":"https:\/\/www.berliner-baerenfreunde.de\/web\/wp-json\/wp\/v2\/types\/page"}],"author":[{"embeddable":true,"href":"https:\/\/www.berliner-baerenfreunde.de\/web\/wp-json\/wp\/v2\/users\/1"}],"replies":[{"embeddable":true,"href":"https:\/\/www.berliner-baerenfreunde.de\/web\/wp-json\/wp\/v2\/comments?post=450"}],"version-history":[{"count":31,"href":"https:\/\/www.berliner-baerenfreunde.de\/web\/wp-json\/wp\/v2\/pages\/450\/revisions"}],"predecessor-version":[{"id":9829,"href":"https:\/\/www.berliner-baerenfreunde.de\/web\/wp-json\/wp\/v2\/pages\/450\/revisions\/9829"}],"wp:attachment":[{"href":"https:\/\/www.berliner-baerenfreunde.de\/web\/wp-json\/wp\/v2\/media?parent=450"}],"curies":[{"name":"wp","href":"https:\/\/api.w.org\/{rel}","templated":true}]}}