{"id":819,"date":"2010-08-01T12:00:48","date_gmt":"2010-08-01T10:00:48","guid":{"rendered":"http:\/\/www.berliner-baerenfreunde.de\/web\/?page_id=819"},"modified":"2010-08-01T12:00:48","modified_gmt":"2010-08-01T10:00:48","slug":"georg-lorenz-architekt-des-barenzwingers","status":"publish","type":"page","link":"https:\/\/www.berliner-baerenfreunde.de\/web\/georg-lorenz-architekt-des-barenzwingers\/","title":{"rendered":"Georg Lorenz: Architekt des B\u00e4renzwingers"},"content":{"rendered":"<p><!--more--><strong>Georg Ernst Karl Lorenz Architekt<br \/>\n12.07.1893 &#8211; 28.02.1988<\/strong><\/p>\n<p>In Berlin am 12. Juli 1893 geboren. Dissident. Freidenker. Pazifist. Sportler. Kriegsteilnehmer 1915\/16 in Flandern und Nordfrankreich. Verstorben am 28.2.1988.<\/p>\n<p>Gegen die herrschenden Nazis hatte er eine sehr starke Abneigung und machte daraus auch keinen Hehl. Seine Kinder K\u00e4the (geb. 1921) und Helmut (1925-1986) waren weder beim BDM (&#8222;Bund deutscher M\u00e4del&#8220;) noch bei der HJ (&#8222;Hitlerjugend&#8220;).<\/p>\n<p>Georg Lorenz gr\u00fcndete ein Architekturb\u00fcro in Berlin, Potsdamer Stra\u00dfe.\u00c2\u00a0Der Baumeister und Architekt konnte Ende 1938 einen guten Auftrag ergattern. Es handelte sich darum, dass aus einem Stra\u00dfenreinigungsgeb\u00e4ude am K\u00f6llnischen Park (erbaut von Ludwig Hoffmann) in Berlin-Mitte ein B\u00e4renzwinger entstehen sollte.<\/p>\n<p><img decoding=\"async\" class=\"alignnone\" title=\"Wappentiere im neuen B\u00e4renhaus, Fotograf unbekannt\" src=\"https:\/\/www.berliner-baerenfreunde.de\/web\/images\/georg_lorenz\/100801_georg_lorenz_01.jpg\" alt=\"\" \/><br \/>\n<em>Wappentiere im neuen B\u00e4renhaus, Fotograf unbekannt<\/em><\/p>\n<p>In der Brosch\u00fcre \u201eDer Berliner B\u00e4r hat einen Namen\u201c von 1995 hei\u00dft es: \u201eDer Tiefbau wurde von der Allgemeinen Baugesellschaft Lorenz &amp; Co. in Berlin-Wilmersdorf, der Geb\u00e4udeumbau von der Firma Georg Lorenz, Bau- und Maurermeister in der Potsdamer Stra\u00dfe, ausgef\u00fchrt. [&#8230;] Am 17. August 1939 um 15 Uhr war es dann soweit. In Anwesenheit tausender Berliner wurde der B\u00e4renzwinger offiziell \u00fcbergeben.\u201c<\/p>\n<p><img decoding=\"async\" class=\"alignnone\" title=\"Urs und Vreni beim Training mit ihrem W\u00e4rter (AK aus Privatarchiv Christa Junge). Echte Fotografie c\/2256\" src=\"https:\/\/www.berliner-baerenfreunde.de\/web\/images\/georg_lorenz\/100801_georg_lorenz_02.jpg\" alt=\"\" \/><br \/>\n<em>Urs und Vreni beim Training mit ihrem W\u00e4rter (AK aus Privatarchiv Christa Junge). Echte Fotografie c\/2256<\/em><\/p>\n<p>Auf alten Fotos sieht man viele Menschen, viele Naziw\u00fcrdentr\u00e4ger und viele Hakenkreuzfahnen. Seine Tochter K\u00e4the Eis erinnert sich: \u201eEr wurde sch\u00f6n, der B\u00e4renzwinger. Damals war das verkleidet mit solchem Teakholz, dem h\u00e4rtesten Holz, damit die B\u00e4ren das mit ihren Krallen nicht kaputtmachen k\u00f6nnen.<\/p>\n<p>Ich war mit meinem Vater damals dabeigewesen, als der Polier den Bau \u00fcbergeben hatte. Es kamen da viele hohe Tiere, die direkt an der Reichskanzlei t\u00e4tig waren, zur Einweihung am 17. August 1939. Ich war die einzige junge Frau dabei. Der Polier und mein Vater haben gesprochen. So ein hohes Tier von den Uniformierten, die waren ja alle in Uniform, meinte &#8211; \u00b4Ja, jetzt haben wir festgestellt, da\u00df auch eine junge Dame unter uns ist.\u2018 Und Vater, der ja nichts mit den Nazis am Hut hatte, sagte ganz stolz &#8211; \u00b4Das ist meine Tochter.\u2019 <\/p>\n<p>Dann haben die Bonzen getuschelt und einer rannte los und kam mit einem Riesenblumenstrau\u00df zur\u00fcck, den er mir in die Hand dr\u00fcckte. Und ich mu\u00dfte dann ganz brav Dankesch\u00f6n sagen. Anschlie\u00dfend sind Vater und ich mit der S-Bahn nach Hause gefahren. Der Blumenstrau\u00df lag auf meinem Scho\u00df und Vater guckte so auf den Strau\u00df.\u00c2\u00a0\u2019Und das uns\u2026!\u2019\u201c<\/p>\n<p><img decoding=\"async\" class=\"alignnone\" title=\"Georg Lorenz, 30er Jahre\" src=\"https:\/\/www.berliner-baerenfreunde.de\/web\/images\/georg_lorenz\/100801_georg_lorenz_03.jpg\" alt=\"\" \/><br \/>\n<em>Georg Lorenz, 30er Jahre<\/em><\/p>\n<p>Wohl im November 1943, bei einem der gro\u00dfen Bombenangriffe auf Berlin, wurde auch der Potsdamer Platz in Schutt und Asche gelegt. Georgs Schwester Gertrud schrieb Ende Januar 1944 in einem Brief: \u201eIch helfe Georg im B\u00fcro. Er hat sein B\u00fcro hier in Hohen Neuendorf eingerichtet (in seinem Haus &#8211; M.S.), weil in Berlin das Haus mit s\u00e4mtlichen Akten und Unterlagen total vernichtet wurde.\u201c Die Potsdamer Stra\u00dfe war ein Tr\u00fcmmerfeld und alles lag voller Papiere. Denn dort gab es unz\u00e4hlige Gesch\u00e4ftsr\u00e4ume von Architekten, Anw\u00e4lten und Versicherungsgesellschaften.<\/p>\n<p><img decoding=\"async\" class=\"alignnone\" title=\"Georg Lorenz und Tochter K\u00e4the, 14.12.1940\" src=\"https:\/\/www.berliner-baerenfreunde.de\/web\/images\/georg_lorenz\/100801_georg_lorenz_04.jpg\" alt=\"\" \/><br \/>\n<em>Georg Lorenz und Tochter K\u00e4the, 14.12.1940<\/em><\/p>\n<p><em>Erinnerungen der Tochter K\u00e4the Eis von der Er\u00f6ffnung des B\u00e4renzwingers.<br \/>\nAufgeschrieben aus Berichten der Familie von Matthias Salchow (Gro\u00dfneffe).<br \/>\nText gek\u00fcrzt.<\/em><\/p>\n<p><em>mit freundlicher Genehmigung des Autoren und der Tochter des Architekten Herrn Lorenz, Frau Eis.<\/em><\/p>\n","protected":false},"excerpt":{"rendered":"","protected":false},"author":1,"featured_media":0,"parent":0,"menu_order":0,"comment_status":"closed","ping_status":"open","template":"","meta":{"ngg_post_thumbnail":0,"footnotes":""},"class_list":["post-819","page","type-page","status-publish","hentry"],"_links":{"self":[{"href":"https:\/\/www.berliner-baerenfreunde.de\/web\/wp-json\/wp\/v2\/pages\/819","targetHints":{"allow":["GET"]}}],"collection":[{"href":"https:\/\/www.berliner-baerenfreunde.de\/web\/wp-json\/wp\/v2\/pages"}],"about":[{"href":"https:\/\/www.berliner-baerenfreunde.de\/web\/wp-json\/wp\/v2\/types\/page"}],"author":[{"embeddable":true,"href":"https:\/\/www.berliner-baerenfreunde.de\/web\/wp-json\/wp\/v2\/users\/1"}],"replies":[{"embeddable":true,"href":"https:\/\/www.berliner-baerenfreunde.de\/web\/wp-json\/wp\/v2\/comments?post=819"}],"version-history":[{"count":10,"href":"https:\/\/www.berliner-baerenfreunde.de\/web\/wp-json\/wp\/v2\/pages\/819\/revisions"}],"predecessor-version":[{"id":829,"href":"https:\/\/www.berliner-baerenfreunde.de\/web\/wp-json\/wp\/v2\/pages\/819\/revisions\/829"}],"wp:attachment":[{"href":"https:\/\/www.berliner-baerenfreunde.de\/web\/wp-json\/wp\/v2\/media?parent=819"}],"curies":[{"name":"wp","href":"https:\/\/api.w.org\/{rel}","templated":true}]}}