{"id":937,"date":"2011-01-16T10:43:33","date_gmt":"2011-01-16T09:43:33","guid":{"rendered":"http:\/\/www.berliner-baerenfreunde.de\/web\/?page_id=937"},"modified":"2023-06-16T17:43:35","modified_gmt":"2023-06-16T15:43:35","slug":"stadtbarin-schnute-im-barenzwinger-im-kollnischen-park","status":"publish","type":"page","link":"https:\/\/www.berliner-baerenfreunde.de\/web\/stadtbarin-schnute-im-barenzwinger-im-kollnischen-park\/","title":{"rendered":"Stadtb\u00e4rin Schnute im B\u00e4renzwinger im K\u00f6llnischen Park"},"content":{"rendered":"<p>&#8230;<!--more--><\/p>\n<p style=\"text-align: center;\"><strong>Schnute &#8211; die amtierende Stadtb\u00e4rin Berlins wurde am 18. Janur 1981 geboren.<\/strong><\/p>\n<p style=\"text-align: center;\"><strong>Mit ihrem Tod am 11. Oktober 2015 endete eine \u00fcber Jahrzehnte lang anhaltende Pr\u00e4senz von lebendigen B\u00e4ren im B\u00e4renzwinger am K\u00f6llnischen Park.<\/strong><\/p>\n<p style=\"text-align: center;\"><img loading=\"lazy\" decoding=\"async\" class=\"alignnone\" title=\"Schnute\" src=\"https:\/\/www.berliner-baerenfreunde.de\/web\/images\/schnute03.jpg\" alt=\"\" width=\"420\" height=\"383\"><\/p>\n","protected":false},"excerpt":{"rendered":"<p>&#8230;<\/p>\n","protected":false},"author":1,"featured_media":0,"parent":0,"menu_order":0,"comment_status":"closed","ping_status":"open","template":"","meta":{"ngg_post_thumbnail":0,"footnotes":""},"class_list":["post-937","page","type-page","status-publish","hentry"],"_links":{"self":[{"href":"https:\/\/www.berliner-baerenfreunde.de\/web\/wp-json\/wp\/v2\/pages\/937","targetHints":{"allow":["GET"]}}],"collection":[{"href":"https:\/\/www.berliner-baerenfreunde.de\/web\/wp-json\/wp\/v2\/pages"}],"about":[{"href":"https:\/\/www.berliner-baerenfreunde.de\/web\/wp-json\/wp\/v2\/types\/page"}],"author":[{"embeddable":true,"href":"https:\/\/www.berliner-baerenfreunde.de\/web\/wp-json\/wp\/v2\/users\/1"}],"replies":[{"embeddable":true,"href":"https:\/\/www.berliner-baerenfreunde.de\/web\/wp-json\/wp\/v2\/comments?post=937"}],"version-history":[{"count":11,"href":"https:\/\/www.berliner-baerenfreunde.de\/web\/wp-json\/wp\/v2\/pages\/937\/revisions"}],"predecessor-version":[{"id":17837,"href":"https:\/\/www.berliner-baerenfreunde.de\/web\/wp-json\/wp\/v2\/pages\/937\/revisions\/17837"}],"wp:attachment":[{"href":"https:\/\/www.berliner-baerenfreunde.de\/web\/wp-json\/wp\/v2\/media?parent=937"}],"curies":[{"name":"wp","href":"https:\/\/api.w.org\/{rel}","templated":true}]}}